{"id":999,"date":"2023-01-25T16:23:22","date_gmt":"2023-01-25T16:23:22","guid":{"rendered":"https:\/\/wave-dental.com\/accesibilidad\/"},"modified":"2023-01-25T16:23:22","modified_gmt":"2023-01-25T16:23:22","slug":"accesibilidad","status":"publish","type":"page","link":"https:\/\/wave-dental.com\/es\/accesibilidad\/","title":{"rendered":"Accesibilidad"},"content":{"rendered":"<p>Wave Dental Limited se compromete a ofrecer un sitio web accesible al mayor n\u00famero posible de usuarios, independientemente de su tecnolog\u00eda o capacidad.<\/p>\n<p>Estamos trabajando activamente para aumentar la accesibilidad y facilidad de uso de nuestro sitio web y, al hacerlo, nos adherimos a muchas de las normas y directrices disponibles. Este sitio web se esfuerza por cumplir con el nivel Doble A de las Pautas de Accesibilidad al Contenido Web 2.0 del Consorcio World Wide Web (W3C).<\/p>\n<p>Estas pautas explican c\u00f3mo hacer que los contenidos web sean m\u00e1s accesibles para las personas con discapacidad. La conformidad con estas directrices contribuir\u00e1 a que la web sea m\u00e1s f\u00e1cil de usar para todas las personas.<br \/>\nEste sitio web se ha construido utilizando c\u00f3digo conforme con las normas del W3C para HTML y CSS. El sitio web se muestra correctamente en los navegadores actuales, y el uso de c\u00f3digo HTML\/CSS compatible con dichas normas significa que cualquier navegador futuro tambi\u00e9n lo mostrar\u00e1 correctamente.<\/p>\n<p>Aunque Wave Dental Limited se esfuerza por cumplir las directrices y normas aceptadas en materia de accesibilidad y usabilidad, no siempre es posible hacerlo en todas las \u00e1reas del sitio web.<\/p>\n<p>Estamos buscando continuamente soluciones que permitan que todas las \u00e1reas del sitio web alcancen el mismo nivel de accesibilidad web general. Mientras tanto, si tiene alguna dificultad para acceder al sitio web de Wave Dental Limited, no dude en ponerse en contacto con nosotros.<\/p>\n","protected":false},"excerpt":{"rendered":"<p>Wave Dental Limited se compromete a ofrecer un sitio web accesible al mayor n\u00famero posible de usuarios,&#8230;<\/p>\n","protected":false},"author":1,"featured_media":0,"parent":0,"menu_order":13,"comment_status":"closed","ping_status":"closed","template":"","meta":{"_acf_changed":false,"footnotes":""},"class_list":["post-999","page","type-page","status-publish","hentry"],"acf":[],"yoast_head":"<!-- This site is optimized with the Yoast SEO plugin v23.2 - https:\/\/yoast.com\/wordpress\/plugins\/seo\/ -->\n<title>Accesibilidad - Wave Dental<\/title>\n<meta name=\"robots\" content=\"index, follow, max-snippet:-1, max-image-preview:large, max-video-preview:-1\" \/>\n<link rel=\"canonical\" href=\"https:\/\/wave-dental.com\/accesibilidad\/\" \/>\n<meta property=\"og:locale\" content=\"es_ES\" \/>\n<meta property=\"og:type\" content=\"article\" \/>\n<meta property=\"og:title\" content=\"Accesibilidad - Wave Dental\" \/>\n<meta property=\"og:description\" content=\"Wave Dental Limited se compromete a ofrecer un sitio web accesible al mayor n\u00famero posible de usuarios,...\" \/>\n<meta property=\"og:url\" content=\"https:\/\/wave-dental.com\/accesibilidad\/\" \/>\n<meta property=\"og:site_name\" content=\"Wave Dental\" \/>\n<meta name=\"twitter:card\" content=\"summary_large_image\" \/>\n<meta name=\"twitter:label1\" content=\"Est. reading time\" \/>\n\t<meta name=\"twitter:data1\" content=\"1 minute\" \/>\n<script type=\"application\/ld+json\" class=\"yoast-schema-graph\">{\"@context\":\"https:\/\/schema.org\",\"@graph\":[{\"@type\":\"WebPage\",\"@id\":\"https:\/\/wave-dental.com\/accesibilidad\/\",\"url\":\"https:\/\/wave-dental.com\/accesibilidad\/\",\"name\":\"Accesibilidad - Wave Dental\",\"isPartOf\":{\"@id\":\"https:\/\/wave-dental.com\/#website\"},\"datePublished\":\"2023-01-25T16:23:22+00:00\",\"dateModified\":\"2023-01-25T16:23:22+00:00\",\"breadcrumb\":{\"@id\":\"https:\/\/wave-dental.com\/accesibilidad\/#breadcrumb\"},\"inLanguage\":\"es-ES\",\"potentialAction\":[{\"@type\":\"ReadAction\",\"target\":[\"https:\/\/wave-dental.com\/accesibilidad\/\"]}]},{\"@type\":\"BreadcrumbList\",\"@id\":\"https:\/\/wave-dental.com\/accesibilidad\/#breadcrumb\",\"itemListElement\":[{\"@type\":\"ListItem\",\"position\":1,\"name\":\"Home\",\"item\":\"https:\/\/wave-dental.com\/es\/\"},{\"@type\":\"ListItem\",\"position\":2,\"name\":\"Accesibilidad\"}]},{\"@type\":\"WebSite\",\"@id\":\"https:\/\/wave-dental.com\/#website\",\"url\":\"https:\/\/wave-dental.com\/\",\"name\":\"Wave Dental\",\"description\":\"\",\"potentialAction\":[{\"@type\":\"SearchAction\",\"target\":{\"@type\":\"EntryPoint\",\"urlTemplate\":\"https:\/\/wave-dental.com\/?s={search_term_string}\"},\"query-input\":\"required name=search_term_string\"}],\"inLanguage\":\"es-ES\"}]}<\/script>\n<!-- \/ Yoast SEO plugin. -->","yoast_head_json":{"title":"Accesibilidad - Wave Dental","robots":{"index":"index","follow":"follow","max-snippet":"max-snippet:-1","max-image-preview":"max-image-preview:large","max-video-preview":"max-video-preview:-1"},"canonical":"https:\/\/wave-dental.com\/accesibilidad\/","og_locale":"es_ES","og_type":"article","og_title":"Accesibilidad - Wave Dental","og_description":"Wave Dental Limited se compromete a ofrecer un sitio web accesible al mayor n\u00famero posible de usuarios,...","og_url":"https:\/\/wave-dental.com\/accesibilidad\/","og_site_name":"Wave Dental","twitter_card":"summary_large_image","twitter_misc":{"Est. reading time":"1 minute"},"schema":{"@context":"https:\/\/schema.org","@graph":[{"@type":"WebPage","@id":"https:\/\/wave-dental.com\/accesibilidad\/","url":"https:\/\/wave-dental.com\/accesibilidad\/","name":"Accesibilidad - Wave Dental","isPartOf":{"@id":"https:\/\/wave-dental.com\/#website"},"datePublished":"2023-01-25T16:23:22+00:00","dateModified":"2023-01-25T16:23:22+00:00","breadcrumb":{"@id":"https:\/\/wave-dental.com\/accesibilidad\/#breadcrumb"},"inLanguage":"es-ES","potentialAction":[{"@type":"ReadAction","target":["https:\/\/wave-dental.com\/accesibilidad\/"]}]},{"@type":"BreadcrumbList","@id":"https:\/\/wave-dental.com\/accesibilidad\/#breadcrumb","itemListElement":[{"@type":"ListItem","position":1,"name":"Home","item":"https:\/\/wave-dental.com\/es\/"},{"@type":"ListItem","position":2,"name":"Accesibilidad"}]},{"@type":"WebSite","@id":"https:\/\/wave-dental.com\/#website","url":"https:\/\/wave-dental.com\/","name":"Wave Dental","description":"","potentialAction":[{"@type":"SearchAction","target":{"@type":"EntryPoint","urlTemplate":"https:\/\/wave-dental.com\/?s={search_term_string}"},"query-input":"required name=search_term_string"}],"inLanguage":"es-ES"}]}},"_links":{"self":[{"href":"https:\/\/wave-dental.com\/es\/wp-json\/wp\/v2\/pages\/999"}],"collection":[{"href":"https:\/\/wave-dental.com\/es\/wp-json\/wp\/v2\/pages"}],"about":[{"href":"https:\/\/wave-dental.com\/es\/wp-json\/wp\/v2\/types\/page"}],"author":[{"embeddable":true,"href":"https:\/\/wave-dental.com\/es\/wp-json\/wp\/v2\/users\/1"}],"replies":[{"embeddable":true,"href":"https:\/\/wave-dental.com\/es\/wp-json\/wp\/v2\/comments?post=999"}],"version-history":[{"count":0,"href":"https:\/\/wave-dental.com\/es\/wp-json\/wp\/v2\/pages\/999\/revisions"}],"wp:attachment":[{"href":"https:\/\/wave-dental.com\/es\/wp-json\/wp\/v2\/media?parent=999"}],"curies":[{"name":"wp","href":"https:\/\/api.w.org\/{rel}","templated":true}]}}