{"id":1000,"date":"2023-01-25T16:23:26","date_gmt":"2023-01-25T16:23:26","guid":{"rendered":"https:\/\/wave-dental.com\/politica-de-cookies-de-wave-dental\/"},"modified":"2023-01-25T16:23:26","modified_gmt":"2023-01-25T16:23:26","slug":"politica-de-cookies-de-wave-dental","status":"publish","type":"page","link":"https:\/\/wave-dental.com\/es\/politica-de-cookies-de-wave-dental\/","title":{"rendered":"Pol\u00edtica de cookies de Wave Dental"},"content":{"rendered":"<p><strong>Introducci\u00f3n<\/strong><\/p>\n<p>El sitio web de Wave Dental utiliza cookies.<\/p>\n<p><strong>Sobre las cookies<\/strong><\/p>\n<p>Una cookie es un fragmento de informaci\u00f3n en forma de archivo de texto muy peque\u00f1o que se sit\u00faa en su ordenador cuando visita un sitio web. La informaci\u00f3n que contiene la cookie la establece cada sitio web en particular y puede utilizarse cada vez que vuelve a visitar ese sitio web.<\/p>\n<p>La mayor\u00eda de los sitios web utilizan cookies para mejorar su experiencia de usuario, permitiendo que el sitio web le \u00abrecuerde\u00bb, ya sea durante su visita (mediante una \u00abcookie de sesi\u00f3n\u00bb) o en visitas repetidas (mediante una \u00abcookie persistente\u00bb).<\/p>\n<p>Las cookies pueden ser generadas por el sitio web que est\u00e1 visitando (\u00abcookies de origen\u00bb) o por otros sitios web que publican contenidos en la p\u00e1gina que est\u00e1 viendo (\u00abcookies de terceros\u00bb).<\/p>\n<p>Puede encontrar m\u00e1s informaci\u00f3n sobre las cookies, su funcionamiento y c\u00f3mo puede gestionarlas en su ordenador en&nbsp;<strong>http:\/\/www.allaboutcookies.org\/<\/strong><\/p>\n<p>Tenga en cuenta que restringir las cookies puede afectar a la funcionalidad del sitio web de Wave Dental.<\/p>\n<p><strong>Cookies del sitio web de Wave Dental<\/strong><\/p>\n<p>A continuaci\u00f3n se enumeran algunas de las cookies utilizadas en el sitio web de Wave Dental.<\/p>\n<p><strong>Cookies de origen (es decir, cookies de Wave Dental)<\/strong><\/p>\n<table border=\"1\" cellspacing=\"0\" cellpadding=\"0\">\n<tbody>\n<tr>\n<td valign=\"top\" width=\"374\"><strong>Nombre de la cookie<\/strong><\/td>\n<td valign=\"top\" width=\"380\"><strong>Prop\u00f3sito<\/strong><\/td>\n<\/tr>\n<tr>\n<td valign=\"top\" width=\"374\">WaveLogin<\/p>\n<p>&nbsp;<\/p>\n<p>PHPSESSID<\/td>\n<td valign=\"top\" width=\"380\">Se trata de un identificador \u00fanico para cada sesi\u00f3n del navegador.<\/p>\n<p>Si ha iniciado sesi\u00f3n, esta cookie recuerda sus datos de inicio de sesi\u00f3n y presenta la informaci\u00f3n correcta.<\/td>\n<\/tr>\n<tr>\n<td valign=\"top\" width=\"374\">__utma<\/p>\n<p>__utmb<\/p>\n<p>__utmc<\/p>\n<p>__unam<\/p>\n<p>__utmt<\/p>\n<p>__utmz<\/td>\n<td valign=\"top\" width=\"380\">Utilizamos Google Analytics para recopilar estad\u00edsticas del sitio web.&nbsp; No recibimos ninguna informaci\u00f3n sobre usuarios individuales, pero nos ayuda a entender cosas como qu\u00e9 \u00e1reas de nuestro sitio web son las m\u00e1s populares.<\/p>\n<p><a href=\"https:\/\/tools.google.com\/dlpage\/gaoptout?hl=en\"><strong>Exclusi\u00f3n de Google Analytics<\/strong><\/a><\/td>\n<\/tr>\n<\/tbody>\n<\/table>\n<p><strong>Cookies de terceros<\/strong><\/p>\n<table border=\"1\" cellspacing=\"0\" cellpadding=\"0\">\n<tbody>\n<tr>\n<td valign=\"top\" width=\"234\"><strong>Nombre del proveedor<\/strong><\/td>\n<td valign=\"top\" width=\"275\"><strong>Nombres de las cookies<\/strong><\/td>\n<td valign=\"top\" width=\"245\"><strong>Prop\u00f3sito<\/strong><\/td>\n<\/tr>\n<tr>\n<td valign=\"top\" width=\"234\">CloudFlare<\/td>\n<td valign=\"top\" width=\"275\">__cfuid<br \/>\n__utma<\/td>\n<td valign=\"top\" width=\"245\">Se utiliza para determinar los ajustes de seguridad de CloudFlare en funci\u00f3n de la ubicaci\u00f3n de un usuario.<\/p>\n<p>Esta cookie no almacena ninguna informaci\u00f3n de identificaci\u00f3n personal.<\/td>\n<\/tr>\n<tr>\n<td valign=\"top\" width=\"234\">YouTube<\/td>\n<td valign=\"top\" width=\"275\">APISID<\/p>\n<p>GEUP<\/p>\n<p>HSID<\/p>\n<p>IGu9q.resume<\/p>\n<p>LOGIN_INFO<\/p>\n<p>PREF<br \/>\nSAPISID<\/p>\n<p>SID<\/p>\n<p>SSID<\/p>\n<p>VISITOR_INFO1_LIVE<\/p>\n<p>YSC<\/p>\n<p>__utma<\/td>\n<td valign=\"top\" width=\"245\">Estas cookies las instala YouTube para permitir la reproducci\u00f3n de v\u00eddeos en nuestro sitio web.<\/td>\n<\/tr>\n<\/tbody>\n<\/table>\n","protected":false},"excerpt":{"rendered":"<p>Introducci\u00f3n El sitio web de Wave Dental utiliza cookies. Sobre las cookies Una cookie es un fragmento&#8230;<\/p>\n","protected":false},"author":1,"featured_media":0,"parent":0,"menu_order":12,"comment_status":"closed","ping_status":"closed","template":"","meta":{"_acf_changed":false,"footnotes":""},"class_list":["post-1000","page","type-page","status-publish","hentry"],"acf":[],"yoast_head":"<!-- This site is optimized with the Yoast SEO plugin v23.2 - https:\/\/yoast.com\/wordpress\/plugins\/seo\/ -->\n<title>Pol\u00edtica de cookies de Wave Dental - Wave Dental<\/title>\n<meta name=\"robots\" content=\"index, follow, max-snippet:-1, max-image-preview:large, max-video-preview:-1\" \/>\n<link rel=\"canonical\" href=\"https:\/\/wave-dental.com\/politica-de-cookies-de-wave-dental\/\" \/>\n<meta property=\"og:locale\" content=\"es_ES\" \/>\n<meta property=\"og:type\" content=\"article\" \/>\n<meta property=\"og:title\" content=\"Pol\u00edtica de cookies de Wave Dental - Wave Dental\" \/>\n<meta property=\"og:description\" content=\"Introducci\u00f3n El sitio web de Wave Dental utiliza cookies. Sobre las cookies Una cookie es un fragmento...\" \/>\n<meta property=\"og:url\" content=\"https:\/\/wave-dental.com\/politica-de-cookies-de-wave-dental\/\" \/>\n<meta property=\"og:site_name\" content=\"Wave Dental\" \/>\n<meta name=\"twitter:card\" content=\"summary_large_image\" \/>\n<meta name=\"twitter:label1\" content=\"Est. reading time\" \/>\n\t<meta name=\"twitter:data1\" content=\"2 minutes\" \/>\n<script type=\"application\/ld+json\" class=\"yoast-schema-graph\">{\"@context\":\"https:\/\/schema.org\",\"@graph\":[{\"@type\":\"WebPage\",\"@id\":\"https:\/\/wave-dental.com\/politica-de-cookies-de-wave-dental\/\",\"url\":\"https:\/\/wave-dental.com\/politica-de-cookies-de-wave-dental\/\",\"name\":\"Pol\u00edtica de cookies de Wave Dental - Wave Dental\",\"isPartOf\":{\"@id\":\"https:\/\/wave-dental.com\/#website\"},\"datePublished\":\"2023-01-25T16:23:26+00:00\",\"dateModified\":\"2023-01-25T16:23:26+00:00\",\"breadcrumb\":{\"@id\":\"https:\/\/wave-dental.com\/politica-de-cookies-de-wave-dental\/#breadcrumb\"},\"inLanguage\":\"es-ES\",\"potentialAction\":[{\"@type\":\"ReadAction\",\"target\":[\"https:\/\/wave-dental.com\/politica-de-cookies-de-wave-dental\/\"]}]},{\"@type\":\"BreadcrumbList\",\"@id\":\"https:\/\/wave-dental.com\/politica-de-cookies-de-wave-dental\/#breadcrumb\",\"itemListElement\":[{\"@type\":\"ListItem\",\"position\":1,\"name\":\"Home\",\"item\":\"https:\/\/wave-dental.com\/es\/\"},{\"@type\":\"ListItem\",\"position\":2,\"name\":\"Pol\u00edtica de cookies de Wave Dental\"}]},{\"@type\":\"WebSite\",\"@id\":\"https:\/\/wave-dental.com\/#website\",\"url\":\"https:\/\/wave-dental.com\/\",\"name\":\"Wave Dental\",\"description\":\"\",\"potentialAction\":[{\"@type\":\"SearchAction\",\"target\":{\"@type\":\"EntryPoint\",\"urlTemplate\":\"https:\/\/wave-dental.com\/?s={search_term_string}\"},\"query-input\":\"required name=search_term_string\"}],\"inLanguage\":\"es-ES\"}]}<\/script>\n<!-- \/ Yoast SEO plugin. -->","yoast_head_json":{"title":"Pol\u00edtica de cookies de Wave Dental - Wave Dental","robots":{"index":"index","follow":"follow","max-snippet":"max-snippet:-1","max-image-preview":"max-image-preview:large","max-video-preview":"max-video-preview:-1"},"canonical":"https:\/\/wave-dental.com\/politica-de-cookies-de-wave-dental\/","og_locale":"es_ES","og_type":"article","og_title":"Pol\u00edtica de cookies de Wave Dental - Wave Dental","og_description":"Introducci\u00f3n El sitio web de Wave Dental utiliza cookies. Sobre las cookies Una cookie es un fragmento...","og_url":"https:\/\/wave-dental.com\/politica-de-cookies-de-wave-dental\/","og_site_name":"Wave Dental","twitter_card":"summary_large_image","twitter_misc":{"Est. reading time":"2 minutes"},"schema":{"@context":"https:\/\/schema.org","@graph":[{"@type":"WebPage","@id":"https:\/\/wave-dental.com\/politica-de-cookies-de-wave-dental\/","url":"https:\/\/wave-dental.com\/politica-de-cookies-de-wave-dental\/","name":"Pol\u00edtica de cookies de Wave Dental - Wave Dental","isPartOf":{"@id":"https:\/\/wave-dental.com\/#website"},"datePublished":"2023-01-25T16:23:26+00:00","dateModified":"2023-01-25T16:23:26+00:00","breadcrumb":{"@id":"https:\/\/wave-dental.com\/politica-de-cookies-de-wave-dental\/#breadcrumb"},"inLanguage":"es-ES","potentialAction":[{"@type":"ReadAction","target":["https:\/\/wave-dental.com\/politica-de-cookies-de-wave-dental\/"]}]},{"@type":"BreadcrumbList","@id":"https:\/\/wave-dental.com\/politica-de-cookies-de-wave-dental\/#breadcrumb","itemListElement":[{"@type":"ListItem","position":1,"name":"Home","item":"https:\/\/wave-dental.com\/es\/"},{"@type":"ListItem","position":2,"name":"Pol\u00edtica de cookies de Wave Dental"}]},{"@type":"WebSite","@id":"https:\/\/wave-dental.com\/#website","url":"https:\/\/wave-dental.com\/","name":"Wave Dental","description":"","potentialAction":[{"@type":"SearchAction","target":{"@type":"EntryPoint","urlTemplate":"https:\/\/wave-dental.com\/?s={search_term_string}"},"query-input":"required name=search_term_string"}],"inLanguage":"es-ES"}]}},"_links":{"self":[{"href":"https:\/\/wave-dental.com\/es\/wp-json\/wp\/v2\/pages\/1000"}],"collection":[{"href":"https:\/\/wave-dental.com\/es\/wp-json\/wp\/v2\/pages"}],"about":[{"href":"https:\/\/wave-dental.com\/es\/wp-json\/wp\/v2\/types\/page"}],"author":[{"embeddable":true,"href":"https:\/\/wave-dental.com\/es\/wp-json\/wp\/v2\/users\/1"}],"replies":[{"embeddable":true,"href":"https:\/\/wave-dental.com\/es\/wp-json\/wp\/v2\/comments?post=1000"}],"version-history":[{"count":0,"href":"https:\/\/wave-dental.com\/es\/wp-json\/wp\/v2\/pages\/1000\/revisions"}],"wp:attachment":[{"href":"https:\/\/wave-dental.com\/es\/wp-json\/wp\/v2\/media?parent=1000"}],"curies":[{"name":"wp","href":"https:\/\/api.w.org\/{rel}","templated":true}]}}